{"id":3203,"date":"2025-05-21T08:44:28","date_gmt":"2025-05-21T08:44:28","guid":{"rendered":"https:\/\/bixquertperformanceads.com\/?page_id=3203"},"modified":"2025-05-21T08:44:29","modified_gmt":"2025-05-21T08:44:29","slug":"aviso-legal","status":"publish","type":"page","link":"https:\/\/bixquertperformanceads.com\/?page_id=3203","title":{"rendered":"Aviso Legal"},"content":{"rendered":"\n<p><strong>AVISO LEGAL&nbsp;<\/strong>&nbsp;<\/p>\n\n\n\n<p>TODO CASAS DEL PROPIETARIO SL., responsable de este sitio web,&nbsp;<\/p>\n\n\n\n<p>pone a disposici\u00f3n de los usuarios de Internet el presente documento, cuya&nbsp;<\/p>\n\n\n\n<p>finalidad es cumplir las obligaciones establecidas en la Ley 34\/2002, de 11 de&nbsp;<\/p>\n\n\n\n<p>junio, de Servicios de la Sociedad de la Informaci\u00f3n y de Comercio Electr\u00f3nico&nbsp;<\/p>\n\n\n\n<p>(LSSICE) y dem\u00e1s normativa aplicable, as\u00ed como proporcionar informaci\u00f3n&nbsp;<\/p>\n\n\n\n<p>sobre las condiciones de uso.&nbsp;<\/p>\n\n\n\n<p><strong>DATOS IDENTIFICATIVOS<\/strong>&nbsp;<\/p>\n\n\n\n<p>En cumplimiento del deber de informaci\u00f3n regulado en el art. 10&nbsp;<\/p>\n\n\n\n<p>LSSICE, a continuaci\u00f3n se facilitan los datos necesarios del titular de la&nbsp;<\/p>\n\n\n\n<p>p\u00e1gina web:&nbsp;<\/p>\n\n\n\n<p>La empresa que gestiona los servicios y el dominio web es TODO CASAS DEL PROPIETARIO SL,<\/p>\n\n\n\n<p>con CIF B-54855150, con domicilio social a estos&nbsp;<\/p>\n\n\n\n<p>efectos en Avd. Las Palmas, 28 Teulada, C.P. 03725,&nbsp;&nbsp;<\/p>\n\n\n\n<p>direcci\u00f3n de correo electr\u00f3nico de contacto gestion@casasdelpropietario.com inscrita en el&nbsp;<\/p>\n\n\n\n<p>Registro Mercantil de Alicante , Tomo 3852 , Folio 138 ,&nbsp;<\/p>\n\n\n\n<p>Secci\u00f3n 5 , Hoja A-144664<\/p>\n\n\n\n<p><strong>USUARIOS<\/strong>&nbsp;<\/p>\n\n\n\n<p>Toda persona, ya sea f\u00edsica o jur\u00eddica, que acceda, navegue, utilice o&nbsp;<\/p>\n\n\n\n<p>participe en los servicios y actividades, gratuitas u onerosas, desarrolladas&nbsp;<\/p>\n\n\n\n<p>mediante esta p\u00e1gina web asume la condici\u00f3n de USUARIO, y como tal, a&nbsp;<\/p>\n\n\n\n<p>trav\u00e9s de dicho acceso, se compromete a la observancia y riguroso&nbsp;<\/p>\n\n\n\n<p>cumplimiento de las disposiciones aqu\u00ed presentes, as\u00ed como a cualquier otra&nbsp;<\/p>\n\n\n\n<p>disposici\u00f3n legal que resulte de aplicaci\u00f3n, oblig\u00e1ndose as\u00ed a hacer un uso&nbsp;<\/p>\n\n\n\n<p>correcto del sitio web. El usuario responder\u00e1 frente a TODO CASAS DEL PROPIETARIO SL, o frente a terceros, de cualesquiera da\u00f1os y perjuicios que&nbsp;<\/p>\n\n\n\n<p>pudieran causarse como consecuencia del incumplimiento de dicha&nbsp;<\/p>\n\n\n\n<p>Obligaci\u00f3n.&nbsp;<\/p>\n\n\n\n<p><strong>MODIFICACIONES<\/strong>&nbsp;<\/p>\n\n\n\n<p>TODO CASAS DEL PROPIETARIO SL, se reserva el derecho de realizar&nbsp;<\/p>\n\n\n\n<p>unilateralmente las modificaciones que estime pertinentes en su portal,&nbsp;<\/p>\n\n\n\n<p>pudiendo cambiar, suprimir o a\u00f1adir tanto los contenidos como los servicios&nbsp;<\/p>\n\n\n\n<p>que se presten a trav\u00e9s del mismo, sin que exista obligaci\u00f3n de preavisar o&nbsp;<\/p>\n\n\n\n<p>poner en conocimiento de los usuarios dichas modificaciones, entendi\u00e9ndose&nbsp;<\/p>\n\n\n\n<p>como suficiente con la publicaci\u00f3n en el sitio web del prestador.&nbsp;<\/p>\n\n\n\n<p>La duraci\u00f3n de la prestaci\u00f3n del servicio del portal se limita al momento&nbsp;<\/p>\n\n\n\n<p>en que el usuario est\u00e9 conectado al sitio web o a alguno de los servicios que&nbsp;<\/p>\n\n\n\n<p>\u00e9ste proporciona. Por ello, el usuario, en cada ocasi\u00f3n que pretenda utilizar el&nbsp;<\/p>\n\n\n\n<p>portal, debe leer detenidamente este Aviso Legal, ya que el mismo y sus&nbsp;<\/p>\n\n\n\n<p>respectivas condiciones de uso pueden verse alteradas en cualquier momento.&nbsp;<\/p>\n\n\n\n<p>Por tanto, la vigencia de las citadas condiciones variar\u00e1 en funci\u00f3n de su&nbsp;<\/p>\n\n\n\n<p>exposici\u00f3n y se mantendr\u00e1 mientras est\u00e9n debidamente publicadas, hasta que&nbsp;<\/p>\n\n\n\n<p>se vean sustituidas por otras.&nbsp;<\/p>\n\n\n\n<p><strong>CONDICIONES DE USO DEL SITIO WEB<\/strong>&nbsp;<\/p>\n\n\n\n<p>Las presentes condiciones de uso y navegaci\u00f3n tienen como finalidad&nbsp;<\/p>\n\n\n\n<p>regular la relaci\u00f3n entre el titular de la p\u00e1gina web, TODO CASAS DEL PROPIETARIO SL, &nbsp;como prestador del servicio, y los usuarios que acceden,&nbsp;<\/p>\n\n\n\n<p>navegan y disfrutan del servicio ofrecido.&nbsp;<\/p>\n\n\n\n<p><a href=\"https:\/\/bixquertperformanceads.com\/\">https:\/\/www.bixquertperformanceads.com\/<\/a>\u00a0proporciona el acceso libre y\u00a0<\/p>\n\n\n\n<p>gratuito a gran cantidad de informaci\u00f3n, servicios y datos (en adelante, \u201clos&nbsp;<\/p>\n\n\n\n<p>contenidos\u201d), cuya propiedad pertenece a TODO CASAS DEL PROPIETARIO SL.., o a sus licenciantes a los que el usuario puede tener acceso.&nbsp;<\/p>\n\n\n\n<p>El usuario asume la responsabilidad del uso adecuado del portal de&nbsp;<\/p>\n\n\n\n<p>conformidad con la Ley y las presentes condiciones, responsabilidad que se&nbsp;<\/p>\n\n\n\n<p>extiende al registro necesario para acceder a determinados servicios y&nbsp;<\/p>\n\n\n\n<p>contenidos que se prestan. Dicho registro conlleva la cumplimentaci\u00f3n del&nbsp;<\/p>\n\n\n\n<p>correspondiente formulario, en el cual el usuario garantiza la autenticidad y&nbsp;<\/p>\n\n\n\n<p>actualidad de todos aquellos datos que comunique y se compromete a no&nbsp;<\/p>\n\n\n\n<p>proporcionar informaci\u00f3n o documentaci\u00f3n falsa, fraudulenta o il\u00edcita. A ra\u00edz&nbsp;<\/p>\n\n\n\n<p>del mismo puede surgir la creaci\u00f3n de una contrase\u00f1a que el usuario deber\u00e1&nbsp;<\/p>\n\n\n\n<p>conservar diligentemente y de manera confidencial. El usuario ser\u00e1 el \u00fanico&nbsp;<\/p>\n\n\n\n<p>responsable de las manifestaciones falsas o inexactas que realice y de los&nbsp;<\/p>\n\n\n\n<p>perjuicios que cause a TODO CASAS DEL PROPIETARIO SL., o a terceros por&nbsp;<\/p>\n\n\n\n<p>la informaci\u00f3n que facilite.&nbsp;<\/p>\n\n\n\n<p>El usuario se compromete expresamente a hacer un adecuado uso de&nbsp;<\/p>\n\n\n\n<p>los contenidos y servicios que <a href=\"https:\/\/bixquertperformanceads.com\/\">https:\/\/www.bixquertperformanceads.com\/<\/a> ofrece,\u00a0<\/p>\n\n\n\n<p>conforme a lo establecido en la ley, la moral, el orden p\u00fablico y las presentescondiciones y, con car\u00e1cter enunciativo pero no limitativo, a no emplearlos&nbsp;<\/p>\n\n\n\n<p>para:&nbsp;<\/p>\n\n\n\n<p>Difundir contenidos delictivos, violentos, pornogr\u00e1ficos, racistas,&nbsp;<\/p>\n\n\n\n<p>xen\u00f3fobos, ofensivos, de apolog\u00eda al terrorismo, que atenten contra los&nbsp;<\/p>\n\n\n\n<p>derechos humanos o, en general, contrarios a la ley o al orden p\u00fablico.&nbsp;<\/p>\n\n\n\n<p>Introducir intencionadamente en la red virus inform\u00e1ticos o realizar&nbsp;<\/p>\n\n\n\n<p>actuaciones susceptibles de alterar, estropear, interrumpir o generar errores o&nbsp;<\/p>\n\n\n\n<p>da\u00f1os en los sistemas f\u00edsicos y l\u00f3gicos de TODO CASAS DEL PROPIETARIO,&nbsp;<\/p>\n\n\n\n<p>S.L., creadora del sitio web, o de terceras personas; as\u00ed como obstaculizar el&nbsp;<\/p>\n\n\n\n<p>acceso de otros usuarios al sitio web y a sus servicios mediante el consumo&nbsp;<\/p>\n\n\n\n<p>masivo de los recursos inform\u00e1ticos a trav\u00e9s de los cualesTODO CASAS DEL PROPIETARIO SL., presta sus servicios.&nbsp;<\/p>\n\n\n\n<p>Intentar acceder a las cuentas de correo electr\u00f3nico de otros usuarios o&nbsp;<\/p>\n\n\n\n<p>a \u00e1reas restringidas de los sistemas inform\u00e1ticos de TODO CASAS DEL PROPIETARIO SL.., o de terceros y, en su caso, extraer informaci\u00f3n.&nbsp;<\/p>\n\n\n\n<p>Vulnerar los derechos de propiedad intelectual o industrial, as\u00ed como&nbsp;<\/p>\n\n\n\n<p>difundir, transmitir o poner a disposici\u00f3n de terceros cualquier tipo de&nbsp;<\/p>\n\n\n\n<p>informaci\u00f3n, elemento o contenido que suponga una violaci\u00f3n del secreto de&nbsp;<\/p>\n\n\n\n<p>las comunicaciones y la legislaci\u00f3n sobre protecci\u00f3n de datos de car\u00e1cter&nbsp;<\/p>\n\n\n\n<p>personal.&nbsp;<\/p>\n\n\n\n<p>Suplantar la identidad de otro usuario, de las administraciones&nbsp;<\/p>\n\n\n\n<p>p\u00fablicas o de un tercero, utilizando sus claves de registro a los distintos&nbsp;<\/p>\n\n\n\n<p>servicios y\/o contenidos del sitio web.&nbsp;<\/p>\n\n\n\n<p>Reproducir, copiar, distribuir, poner a disposici\u00f3n o de cualquier otra&nbsp;<\/p>\n\n\n\n<p>forma comunicar p\u00fablicamente, transformar o modificar los contenidos, a&nbsp;<\/p>\n\n\n\n<p>menos que se cuente con la autorizaci\u00f3n del titular de los correspondientes&nbsp;<\/p>\n\n\n\n<p>derechos de explotaci\u00f3n o ello resulte legalmente permitido.&nbsp;<\/p>\n\n\n\n<p>Recabar datos con finalidad publicitaria y remitir publicidad de&nbsp;<\/p>\n\n\n\n<p>cualquier clase y comunicaciones con fines de venta u otra de naturaleza&nbsp;<\/p>\n\n\n\n<p>comercial sin que medie previa solicitud o consentimiento.&nbsp;<\/p>\n\n\n\n<p>Cualquier incumplimiento de las cl\u00e1usulas contenidas en el presente&nbsp;<\/p>\n\n\n\n<p>sitio web (Aviso Legal, Pol\u00edtica de Privacidad, Pol\u00edtica de Cookies, as\u00ed como&nbsp;<\/p>\n\n\n\n<p>otros contenidos que supongan obligaciones para el usuario) y en general de la&nbsp;<\/p>\n\n\n\n<p>legalidad vigente en Espa\u00f1a, se comunicar\u00e1 inmediatamente por parte de&nbsp;<\/p>\n\n\n\n<p>TODO CASAS DEL PROPIETARIO SL., a las autoridades pertinentes,&nbsp;<\/p>\n\n\n\n<p>comprometi\u00e9ndose \u00e9sta a cooperar con las mismas. En tal caso, el usuario&nbsp;<\/p>\n\n\n\n<p>responder\u00e1 frente aTODO CASAS DEL PROPIETARIO SL., o frente a&nbsp;<\/p>\n\n\n\n<p>terceros, de cualesquiera da\u00f1os y perjuicios que pudieran causarse como&nbsp;<\/p>\n\n\n\n<p>consecuencia del incumplimiento de estas obligaciones. TODO CASAS DEL PROPIETARIO SL., no garantiza que su p\u00e1gina web&nbsp;<\/p>\n\n\n\n<p>cumpla, total o parcialmente, con las legislaciones de otros pa\u00edses. Por tanto,&nbsp;<\/p>\n\n\n\n<p>si el usuario reside o se encuentra domiciliado en cualquier otro lugar que no&nbsp;<\/p>\n\n\n\n<p>sea Espa\u00f1a, y decide acceder y\/o navegar en el presente sitio web, lo har\u00e1&nbsp;<\/p>\n\n\n\n<p>bajo su propia responsabilidad y riesgo, debiendo asegurarse de que tal acceso&nbsp;<\/p>\n\n\n\n<p>y\/o navegaci\u00f3n cumple con la legislaci\u00f3n local aplicable en su caso.&nbsp;<\/p>\n\n\n\n<p>TODO CASAS DEL PROPIETARIO SL., no se hace responsable de&nbsp;<\/p>\n\n\n\n<p>ning\u00fan da\u00f1o o p\u00e9rdida que se derive de un ataque de denegaci\u00f3n de servicio,&nbsp;<\/p>\n\n\n\n<p>virus o cualquier otro programa o material tecnol\u00f3gicamente perjudicial que&nbsp;<\/p>\n\n\n\n<p>pueda afectar a su ordenador, equipo inform\u00e1tico, datos o materiales como&nbsp;<\/p>\n\n\n\n<p>consecuencia del uso de esta p\u00e1gina web o de la descarga de contenidos de la&nbsp;<\/p>\n\n\n\n<p>misma o a los que la misma redireccione.&nbsp;<\/p>\n\n\n\n<p><strong>NOTIFICACIONES<\/strong>&nbsp;<\/p>\n\n\n\n<p>Todas las notificaciones y comunicaciones entre los usuarios y TODO CASAS DEL PROPIETARIO SL., se considerar\u00e1n eficaces, a todos los efectos,&nbsp;<\/p>\n\n\n\n<p>cuando se realicen a trav\u00e9s de correo postal, correo electr\u00f3nico o&nbsp;<\/p>\n\n\n\n<p>comunicaci\u00f3n telef\u00f3nica. Los usuarios deber\u00e1n dirigirse a TODO CASAS DEL PROPIETARIO SL.., mediante:&nbsp;<\/p>\n\n\n\n<ol class=\"wp-block-list\">\n<li>a) Env\u00edo por correo postal a la siguiente direcci\u00f3n: Avd. Las Palmas, 28<\/li>\n<\/ol>\n\n\n\n<p>Teulada, C.P. 03725&nbsp;<\/p>\n\n\n\n<ol class=\"wp-block-list\">\n<li>c) Env\u00edo por correo electr\u00f3nico a la siguiente direcci\u00f3n: gestion@casasdelpropietario.com<\/li>\n<\/ol>\n\n\n\n<p>Mediante el uso de esta p\u00e1gina web, el usuario acepta impl\u00edcitamente&nbsp;<\/p>\n\n\n\n<p>que la mayor parte de las comunicaciones se realizar\u00e1n por v\u00eda electr\u00f3nica. A&nbsp;<\/p>\n\n\n\n<p>efectos contractuales, el usuario consiente usar este medio electr\u00f3nico de&nbsp;<\/p>\n\n\n\n<p>comunicaci\u00f3n y reconoce que toda comunicaci\u00f3n que se le env\u00ede de forma&nbsp;<\/p>\n\n\n\n<p>electr\u00f3nica cumple con los requisitos legales.&nbsp;<\/p>\n\n\n\n<p><strong>PROTECCI\u00d3N DE DATOS DE CAR\u00c1CTER PERSONAL<\/strong>&nbsp;<\/p>\n\n\n\n<p>El titular de la p\u00e1gina web se compromete a tratar los datos personales&nbsp;<\/p>\n\n\n\n<p>del usuario de conformidad con lo establecido en la legislaci\u00f3n vigente en la&nbsp;<\/p>\n\n\n\n<p>materia. Concretamente, se compromete a aplicar lo dispuesto en la LO&nbsp;<\/p>\n\n\n\n<p>3\/2018, de 5 de diciembre, de Protecci\u00f3n de Datos de Car\u00e1cter Personal y&nbsp;<\/p>\n\n\n\n<p>garant\u00eda de los derechos digitales, y en el Reglamento (UE) 2016\/679 del&nbsp;<\/p>\n\n\n\n<p>Parlamento Europeo y del Consejo de 27 de abril de 2016.&nbsp;<\/p>\n\n\n\n<p>Para m\u00e1s informaci\u00f3n sobre el tratamiento de sus datos personales en&nbsp;<\/p>\n\n\n\n<p>el portal, dir\u00edjase a la Pol\u00edtica de Privacidad.&nbsp;<\/p>\n\n\n\n<p><strong>PROPIEDAD INTELECTUAL E INDUSTRIAL<\/strong>&nbsp;<\/p>\n\n\n\n<p>Todos los contenidos del sitio web, entre otros, textos, fotograf\u00edas,&nbsp;<\/p>\n\n\n\n<p>gr\u00e1ficos, im\u00e1genes, iconos, tecnolog\u00eda, software, links y dem\u00e1s contenidos&nbsp;<\/p>\n\n\n\n<p>audiovisuales, as\u00ed como su dise\u00f1o gr\u00e1fico y c\u00f3digos fuente, constituyen una&nbsp;<\/p>\n\n\n\n<p>obra cuya propiedad pertenece a TODO CASAS DEL PROPIETARIO SL.., sin&nbsp;<\/p>\n\n\n\n<p>que puedan entenderse cedidos al usuario ninguno de los derechos de&nbsp;<\/p>\n\n\n\n<p>explotaci\u00f3n sobre los mismos m\u00e1s all\u00e1 de lo estrictamente necesario para el&nbsp;<\/p>\n\n\n\n<p>correcto uso de la web, y con independencia de que sean susceptibles o no de&nbsp;<\/p>\n\n\n\n<p>propiedad intelectual.&nbsp;<\/p>\n\n\n\n<p>Asimismo, todas las marcas, nombres comerciales o signos distintivos&nbsp;<\/p>\n\n\n\n<p>de cualquier clase que aparecen en el sitio web son propiedad de TODO CASAS DEL PROPIETARIO SL., sin que pueda entenderse que el uso o&nbsp;<\/p>\n\n\n\n<p>acceso al mismo atribuya al usuario derecho alguno sobre los mismos.&nbsp;<\/p>\n\n\n\n<p>Queda prohibida la reproducci\u00f3n total o parcial, explotaci\u00f3n,&nbsp;<\/p>\n\n\n\n<p>distribuci\u00f3n, modificaci\u00f3n, cesi\u00f3n o comunicaci\u00f3n p\u00fablica de los contenidos y&nbsp;<\/p>\n\n\n\n<p>cualquier otro acto que no haya sido expresamente autorizado por el titular de&nbsp;<\/p>\n\n\n\n<p>los derechos de explotaci\u00f3n. Cualquier uso no autorizado previamente se&nbsp;<\/p>\n\n\n\n<p>considera un incumplimiento grave de los derechos de propiedad intelectual o&nbsp;<\/p>\n\n\n\n<p>industrial del autor.&nbsp;<\/p>\n\n\n\n<p>Para realizar cualquier tipo de observaci\u00f3n respecto a posibles&nbsp;<\/p>\n\n\n\n<p>incumplimientos de los derechos de propiedad intelectual o industrial, as\u00ed&nbsp;<\/p>\n\n\n\n<p>como sobre cualquiera de los contenidos del sitio web, el usuario deber\u00e1&nbsp;<\/p>\n\n\n\n<p>notificar dicha circunstancia a TODO CASAS DEL PROPIETARIO SL.,&nbsp;<\/p>\n\n\n\n<p>adjuntando la informaci\u00f3n pertinente.&nbsp;<\/p>\n\n\n\n<p>En cualquier caso, TODO CASAS DEL PROPIETARIO SL., no asume&nbsp;<\/p>\n\n\n\n<p>responsabilidad alguna respecto de los derechos de propiedad intelectual o&nbsp;<\/p>\n\n\n\n<p>industrial titularidad de terceros que se vean infringidos por un tercero o por&nbsp;<\/p>\n\n\n\n<p>el usuario.&nbsp;<\/p>\n\n\n\n<p><strong>ENLACES<\/strong>&nbsp;<\/p>\n\n\n\n<p>El sitio web de TODO CASAS DEL PROPIETARIO SL., puede contener&nbsp;<\/p>\n\n\n\n<p>enlaces o hiperv\u00ednculos a otros sitios de Internet, respecto a los cuales no&nbsp;<\/p>\n\n\n\n<p>ejerce ning\u00fan tipo de control. Por tanto, una vez que el usuario acceda a los&nbsp;<\/p>\n\n\n\n<p>enlaces de terceros y abandone el sitio web, tanto el presente Aviso Legal,&nbsp;<\/p>\n\n\n\n<p>como la Pol\u00edtica de Privacidad y la Pol\u00edtica de Cookies dejar\u00e1n de surtir efecto,&nbsp;<\/p>\n\n\n\n<p>ya que los sitios web a los que el usuario acceda est\u00e1n sujetos a sus propias&nbsp;<\/p>\n\n\n\n<p>pol\u00edticas.&nbsp;<\/p>\n\n\n\n<p>TODO CASAS DEL PROPIETARIO SL., no puede asumir&nbsp;<\/p>\n\n\n\n<p>responsabilidad alguna por el contenido que pueda aparecer en p\u00e1ginas de&nbsp;<\/p>\n\n\n\n<p>terceros, ni garantiza la disponibilidad t\u00e9cnica, calidad, fiabilidad, exactitud,&nbsp;<\/p>\n\n\n\n<p>amplitud, veracidad, validez y constitucionalidad de cualquier material oinformaci\u00f3n contenida en ninguno de dichos enlaces o hiperv\u00ednculos.&nbsp;<\/p>\n\n\n\n<p>Asimismo, la inclusi\u00f3n de estas conexiones externas a sitios web ajenos no&nbsp;<\/p>\n\n\n\n<p>implica ning\u00fan tipo de asociaci\u00f3n, fusi\u00f3n o participaci\u00f3n con las entidades&nbsp;<\/p>\n\n\n\n<p>conectadas.&nbsp;<\/p>\n\n\n\n<p><strong>EXCLUSI\u00d3N DE GARANT\u00cdAS Y RESPONSABILIDAD<\/strong>&nbsp;<\/p>\n\n\n\n<p>La informaci\u00f3n suministrada por del presente sitio web es de car\u00e1cter&nbsp;<\/p>\n\n\n\n<p>general y tiene una finalidad meramente informativa, sin que se garantice&nbsp;<\/p>\n\n\n\n<p>plenamente el acceso a todos los contenidos, ni su exactitud, exhaustividad,&nbsp;<\/p>\n\n\n\n<p>correcci\u00f3n, vigencia o actualidad, ni su idoneidad o utilidad para un objetivo&nbsp;<\/p>\n\n\n\n<p>espec\u00edfico.&nbsp;<\/p>\n\n\n\n<p>TODO CASAS DEL PROPIETARIO SL., no se hace responsable, en&nbsp;<\/p>\n\n\n\n<p>ning\u00fan caso, de los da\u00f1os y perjuicios de cualquier naturaleza derivados de, a&nbsp;<\/p>\n\n\n\n<p>t\u00edtulo enunciativo:&nbsp;<\/p>\n\n\n\n<p>Lista sin orden Errores u omisiones en los contenidos. TODO CASAS DEL PROPIETARIO SL., no garantiza que los contenidos vayan a estar&nbsp;<\/p>\n\n\n\n<p>actualizados permanentemente, ni que carezcan de cualquier tipo de error.&nbsp;<\/p>\n\n\n\n<p>Lista sin orden Ausencia de disponibilidad del portal. TODO CASAS DEL PROPIETARIO SL.., no se hace responsable de los posibles da\u00f1os o&nbsp;<\/p>\n\n\n\n<p>perjuicios generados en el usuario como consecuencia de fallos o&nbsp;<\/p>\n\n\n\n<p>desconexiones en las redes de telecomunicaciones que supongan la&nbsp;<\/p>\n\n\n\n<p>suspensi\u00f3n, cancelaci\u00f3n o interrupci\u00f3n del servicio del sitio web, ya que el&nbsp;<\/p>\n\n\n\n<p>funcionamiento de estas redes depende de terceros.&nbsp;<\/p>\n\n\n\n<p>Lista sin orden Presencia de virus o programas maliciosos o lesivos en&nbsp;<\/p>\n\n\n\n<p>los contenidos que puedan alterar los sistemas inform\u00e1ticos, documentos&nbsp;<\/p>\n\n\n\n<p>electr\u00f3nicos o datos de los usuarios, a pesar de haber adoptado todas las&nbsp;<\/p>\n\n\n\n<p>medidas tecnol\u00f3gicas necesarias para prevenirlo. Corresponde al usuario, en&nbsp;<\/p>\n\n\n\n<p>todo caso, estar provisto de herramientas adecuadas que le protejan ante&nbsp;<\/p>\n\n\n\n<p>programas inform\u00e1ticos da\u00f1inos.&nbsp;<\/p>\n\n\n\n<p><strong>LEY APLICABLE Y JURISDICCI\u00d3N<\/strong>&nbsp;<\/p>\n\n\n\n<p>Las relaciones establecidas entre TODO CASAS DEL PROPIETARIO SL., titular de la p\u00e1gina web, y el usuario se regir\u00e1 por la normativa espa\u00f1ola&nbsp;<\/p>\n\n\n\n<p>vigente y la resoluci\u00f3n de cualquier posible controversia que pueda surgir&nbsp;<\/p>\n\n\n\n<p>quedar\u00e1 sometida a los Juzgados y tribunales de la ciudad de Denia (Alicante).&nbsp;<\/p>\n","protected":false},"excerpt":{"rendered":"<p>AVISO LEGAL&nbsp;&nbsp; TODO CASAS DEL PROPIETARIO SL., responsable de este sitio web,&nbsp; pone a disposici\u00f3n de los usuarios de Internet el presente documento, cuya&nbsp; finalidad es cumplir las obligaciones establecidas en la Ley 34\/2002, de 11 de&nbsp; junio, de Servicios de la Sociedad de la Informaci\u00f3n y de Comercio Electr\u00f3nico&nbsp; (LSSICE) y dem\u00e1s normativa aplicable,&#8230;<\/p>\n","protected":false},"author":1,"featured_media":0,"parent":0,"menu_order":0,"comment_status":"closed","ping_status":"closed","template":"","meta":{"footnotes":""},"class_list":["post-3203","page","type-page","status-publish","hentry","page--item"],"jetpack_sharing_enabled":true,"_links":{"self":[{"href":"https:\/\/bixquertperformanceads.com\/index.php?rest_route=\/wp\/v2\/pages\/3203","targetHints":{"allow":["GET"]}}],"collection":[{"href":"https:\/\/bixquertperformanceads.com\/index.php?rest_route=\/wp\/v2\/pages"}],"about":[{"href":"https:\/\/bixquertperformanceads.com\/index.php?rest_route=\/wp\/v2\/types\/page"}],"author":[{"embeddable":true,"href":"https:\/\/bixquertperformanceads.com\/index.php?rest_route=\/wp\/v2\/users\/1"}],"replies":[{"embeddable":true,"href":"https:\/\/bixquertperformanceads.com\/index.php?rest_route=%2Fwp%2Fv2%2Fcomments&post=3203"}],"version-history":[{"count":2,"href":"https:\/\/bixquertperformanceads.com\/index.php?rest_route=\/wp\/v2\/pages\/3203\/revisions"}],"predecessor-version":[{"id":3205,"href":"https:\/\/bixquertperformanceads.com\/index.php?rest_route=\/wp\/v2\/pages\/3203\/revisions\/3205"}],"wp:attachment":[{"href":"https:\/\/bixquertperformanceads.com\/index.php?rest_route=%2Fwp%2Fv2%2Fmedia&parent=3203"}],"curies":[{"name":"wp","href":"https:\/\/api.w.org\/{rel}","templated":true}]}}