{"id":3041,"date":"2023-11-21T06:59:33","date_gmt":"2023-11-21T06:59:33","guid":{"rendered":"https:\/\/themeholy.com\/wordpress\/konsal\/?page_id=36"},"modified":"2025-09-04T15:38:29","modified_gmt":"2025-09-04T15:38:29","slug":"home-business-consult","status":"publish","type":"page","link":"https:\/\/bixquertperformanceads.com\/?page_id=3041","title":{"rendered":"Home Business Consult"},"content":{"rendered":"\t\t<div data-elementor-type=\"wp-page\" data-elementor-id=\"3041\" class=\"elementor elementor-3041\">\n\t\t\t\t<div class=\"elementor-element elementor-element-e4d3c5d e-con-full e-flex e-con e-parent\" data-id=\"e4d3c5d\" data-element_type=\"container\" data-e-type=\"container\">\n\t\t\t\t<div class=\"elementor-element elementor-element-329bee6 elementor-widget elementor-widget-html\" data-id=\"329bee6\" data-element_type=\"widget\" data-e-type=\"widget\" data-widget_type=\"html.default\">\n\t\t\t\t<div class=\"elementor-widget-container\">\n\t\t\t\t\t<!-- V\u00eddeo SOLO en m\u00f3vil -->\n<div class=\"bp-video-mobile\">\n  <video\n    src=\"https:\/\/bixquertperformanceads.com\/wp-content\/uploads\/2025\/08\/Captamos-propiedades-para-tu-agencia-todos-los-meses-8.mp4\"\n    autoplay\n    muted\n    loop\n    playsinline\n    webkit-playsinline\n    preload=\"metadata\"\n  ><\/video>\n<\/div>\n\n<!-- V\u00eddeo SOLO en PC -->\n<div class=\"bp-video-desktop\">\n  <video\n    src=\"https:\/\/bixquertperformanceads.com\/wp-content\/uploads\/2025\/09\/Captamos-propiedades-para-tu-agencia-todos-los-meses-9.mp4\"\n    autoplay\n    muted\n    loop\n    playsinline\n    webkit-playsinline\n    preload=\"metadata\"\n  ><\/video>\n<\/div>\n\n<style>\n  \/* Por defecto mostramos solo el de m\u00f3vil *\/\n  .bp-video-mobile { display: block; }\n  .bp-video-desktop { display: none; }\n\n  \/* A partir de 768px (tablets\/PC) mostramos el de PC y ocultamos el de m\u00f3vil *\/\n  @media (min-width: 768px) {\n    .bp-video-mobile { display: none !important; }\n    .bp-video-desktop { display: block !important; }\n  }\n\n  \/* Estilos comunes a ambos v\u00eddeos *\/\n  .bp-video-mobile video,\n  .bp-video-desktop video {\n    width: 100%;\n    height: 100%;\n    object-fit: cover; \/* Ajusta el v\u00eddeo al contenedor *\/\n    display: block;\n  }\n\n  \/* En m\u00f3vil altura completa a pantalla *\/\n  .bp-video-mobile video {\n    height: 100dvh;\n  }\n<\/style>\t\t\t\t<\/div>\n\t\t\t\t<\/div>\n\t\t\t\t<div class=\"elementor-element elementor-element-fb3f7e1 elementor-widget elementor-widget-html\" data-id=\"fb3f7e1\" data-element_type=\"widget\" data-e-type=\"widget\" data-widget_type=\"html.default\">\n\t\t\t\t<div class=\"elementor-widget-container\">\n\t\t\t\t\t<section class=\"bp-roas\">\n  <div class=\"bp-roas-overlay\">\n    <h2>\n      INVIERTES 1.000 \u20ac EN ADS,<br>\n      CAPTAS 5 CASAS, VENDES 2,<br>\n      GANAS 10.000 \u20ac EN 1 MES.<br>\n      ROAS<br>\n      <span>10X<\/span>\n    <\/h2>\n  <\/div>\n<\/section>\n\n<style>\n  \/* Contenedor principal: ocupa pantalla completa en escritorio *\/\n  .bp-roas {\n    position: relative;\n    width: 100%;\n    height: 100vh; \/* alto completo en desktop *\/\n    background: \n      linear-gradient(rgba(0, 0, 0, 0.7), rgba(0, 0, 0, 0.7)), \/* capa oscura *\/\n      url('https:\/\/bixquertperformanceads.com\/wp-content\/uploads\/2025\/08\/Inviertes-1000E-en-ads-Captas-5-casas-vendes-2-Ganas-10.000E-Roas-10X-2-2.png') center\/cover no-repeat;\n    display: flex;\n    align-items: center;\n    justify-content: center;\n  }\n\n  \/* Caja del texto *\/\n  .bp-roas-overlay {\n    padding: 20px 30px;\n    text-align: center;\n    max-width: 90%;\n  }\n\n  \/* Texto principal *\/\n  .bp-roas h2 {\n    font-size: clamp(28px, 3.5vw, 52px);\n    font-weight: 800;\n    line-height: 1.3;\n    margin: 0;\n    color: white;\n    text-transform: uppercase;\n  }\n\n  \/* Resaltado del ROAS *\/\n  .bp-roas h2 span {\n    font-size: clamp(32px, 4.5vw, 64px);\n    color: #00ffcc;\n    display: block;\n    margin-top: 8px;\n  }\n\n  \/* Ajuste en m\u00f3vil *\/\n  @media (max-width: 767px) {\n    .bp-roas {\n      height: auto;\n      padding: 40px 0;\n    }\n  }\n<\/style>\n\t\t\t\t<\/div>\n\t\t\t\t<\/div>\n\t\t<div class=\"elementor-element elementor-element-d70113e e-flex e-con-boxed e-con e-child\" data-id=\"d70113e\" data-element_type=\"container\" data-e-type=\"container\">\n\t\t\t\t\t<div class=\"e-con-inner\">\n\t\t\t\t<div class=\"elementor-element elementor-element-61ef317 elementor-widget__width-initial elementor-widget elementor-widget-video\" data-id=\"61ef317\" data-element_type=\"widget\" data-e-type=\"widget\" data-settings=\"{&quot;youtube_url&quot;:&quot;https:\\\/\\\/www.youtube.com\\\/watch?v=qFdnLFTgaws&quot;,&quot;video_type&quot;:&quot;youtube&quot;,&quot;controls&quot;:&quot;yes&quot;}\" data-widget_type=\"video.default\">\n\t\t\t\t<div class=\"elementor-widget-container\">\n\t\t\t\t\t\t\t<div class=\"elementor-wrapper elementor-open-inline\">\n\t\t\t<div class=\"elementor-video\"><\/div>\t\t<\/div>\n\t\t\t\t\t\t<\/div>\n\t\t\t\t<\/div>\n\t\t\t\t\t<\/div>\n\t\t\t\t<\/div>\n\t\t\t\t<div class=\"elementor-element elementor-element-478e705 elementor-widget elementor-widget-html\" data-id=\"478e705\" data-element_type=\"widget\" data-e-type=\"widget\" data-widget_type=\"html.default\">\n\t\t\t\t<div class=\"elementor-widget-container\">\n\t\t\t\t\t<!-- Citas inmobiliarias sobre LEADS y captaci\u00f3n -->\n<section class=\"lead-quotes\">\n  <h2 class=\"lead-quotes__title\">Lo que dicen los grandes sobre <span>generar Leads<\/span><\/h2>\n\n  <div class=\"lead-quotes__grid\">\n    <!-- Ryan Serhant -->\n    <div class=\"lead-quote\">\n      <p class=\"lead-quote__text\">\u201cLos leads no se encuentran, se crean con <strong>acci\u00f3n constante<\/strong>.\u201d<\/p>\n      <span class=\"lead-quote__author\">Ryan Serhant<\/span>\n    <\/div>\n\n    <!-- Gary Keller -->\n    <div class=\"lead-quote\">\n      <p class=\"lead-quote__text\">\u201cSi no est\u00e1s generando leads cada d\u00eda, tu negocio se est\u00e1 apagando.\u201d<\/p>\n      <span class=\"lead-quote__author\">Gary Keller \u00b7 Keller Williams<\/span>\n    <\/div>\n\n    <!-- Tom Ferry -->\n    <div class=\"lead-quote\">\n      <p class=\"lead-quote__text\">\u201cLa captaci\u00f3n de hoy es el cierre de ma\u00f1ana. Haz del lead gen tu prioridad #1.\u201d<\/p>\n      <span class=\"lead-quote__author\">Tom Ferry<\/span>\n    <\/div>\n  <\/div>\n<\/section>\n\n<style>\n  .lead-quotes {\n    background: #0b0f14;\n    color: #fff;\n    padding: 60px 40px; \/* M\u00e1s margen interior *\/\n    border-radius: 0; \/* Quitar bordes redondeados para full width *\/\n    width: 100%;\n    margin: 0;\n  }\n  .lead-quotes__title {\n    text-align: center;\n    font-size: clamp(22px, 3vw, 34px);\n    font-weight: 800;\n    margin-bottom: 40px;\n  }\n  .lead-quotes__title span {\n    background: linear-gradient(90deg, #69a6ff, #7af0d9);\n    -webkit-background-clip: text;\n    -webkit-text-fill-color: transparent;\n  }\n  .lead-quotes__grid {\n    display: grid;\n    grid-template-columns: repeat(auto-fit, minmax(300px, 1fr)); \/* Columnas m\u00e1s anchas *\/\n    gap: 30px; \/* M\u00e1s separaci\u00f3n *\/\n  }\n  .lead-quote {\n    background: #121821;\n    padding: 25px;\n    border: 1px solid rgba(42, 108, 255, 0.2);\n    border-radius: 14px;\n    box-shadow: 0 8px 20px rgba(0, 0, 0, .25);\n    display: flex;\n    flex-direction: column;\n    justify-content: space-between;\n  }\n  .lead-quote__text {\n    font-size: 17px; \/* M\u00e1s grande para que se lea mejor *\/\n    line-height: 1.6;\n    margin-bottom: 15px;\n    color: #fff;\n  }\n  .lead-quote__text strong {\n    font-weight: 800;\n    color: #7af0d9;\n  }\n  .lead-quote__author {\n    font-size: 14px;\n    color: #9fb0c6;\n    font-style: italic;\n  }\n<\/style>\t\t\t\t<\/div>\n\t\t\t\t<\/div>\n\t\t\t\t<div class=\"elementor-element elementor-element-f19a8bb elementor-widget elementor-widget-html\" data-id=\"f19a8bb\" data-element_type=\"widget\" data-e-type=\"widget\" data-widget_type=\"html.default\">\n\t\t\t\t<div class=\"elementor-widget-container\">\n\t\t\t\t\t<section class=\"re-funnel\">\n  <p class=\"re-funnel__badge\">Nuestro sistema te proporciona <strong>Leads nuevos<\/strong> todos los d\u00edas<\/p>\n  <h2 class=\"re-funnel__title\">C\u00f3mo funciona el sistema de captaci\u00f3n autom\u00e1tico<\/h2>\n\n  <div class=\"re-funnel__stack\">\n    <article class=\"funnel-step\" style=\"--inset-top:0%; --inset-bottom:4%;\">\n      <div class=\"funnel-shape\"><div class=\"funnel-content\">\n        <h3>Contactos de propietarios con casas para vender<\/h3>\n      <\/div><\/div>\n    <\/article>\n\n    <article class=\"funnel-step\" style=\"--inset-top:6%; --inset-bottom:10%;\">\n      <div class=\"funnel-shape\"><div class=\"funnel-content\">\n        <h3>Llamadas a gente que te contact\u00f3<\/h3>\n      <\/div><\/div>\n    <\/article>\n\n    <article class=\"funnel-step\" style=\"--inset-top:12%; --inset-bottom:16%;\">\n      <div class=\"funnel-shape\"><div class=\"funnel-content\">\n        <h3>Visitas<\/h3>\n      <\/div><\/div>\n    <\/article>\n\n    <article class=\"funnel-step\" style=\"--inset-top:18%; --inset-bottom:24%;\">\n      <div class=\"funnel-shape\"><div class=\"funnel-content\">\n        <h3>Casas captadas<\/h3>\n      <\/div><\/div>\n    <\/article>\n\n    <article class=\"funnel-step\" style=\"--inset-top:26%; --inset-bottom:34%;\">\n      <div class=\"funnel-shape\"><div class=\"funnel-content\">\n        <h3>Exclusivas <\/h3>\n      <\/div><\/div>\n    <\/article>\n  <\/div>\n\n  <p class=\"re-funnel__note\">*Para que te lleguen leads todos los d\u00edas, el presupuesto publicitario debe ser suficientemente alto.<\/p>\n<\/section>\n\n<style>\n  .re-funnel{\n    --bg:#0b0f14; --edge:#5fb7ff66; --glow:#5fb7ff70; --txt:#ffffff; --accent:#66d1ff;\n    width:100%; margin:0; padding:64px 0 80px; background:var(--bg); color:var(--txt);\n    position:relative; z-index:999; isolation:isolate; overflow:visible;\n  }\n  .re-funnel__badge{margin:0 0 10px; text-align:center; font-size:clamp(14px,1.6vw,16px); color:#d9edff;}\n  .re-funnel__badge strong{color:#fff}\n  .re-funnel__title{text-align:center; font-size:clamp(22px,3.2vw,36px); font-weight:800; margin:0 0 28px}\n\n  .re-funnel__stack{width:100%; display:grid; gap:20px; margin:0}\n  .funnel-step{position:relative}\n  .funnel-shape{\n    position:relative; padding:44px 24px;\n    background:\n      radial-gradient(140% 160% at 50% -20%, #66d1ff22 0%, transparent 58%),\n      linear-gradient(180deg, #122843 0%, #0f2038 65%, #0b182b 100%);\n    border:1px solid var(--edge);\n    box-shadow:0 10px 30px rgba(0,0,0,.35), inset 0 0 0 1px #ffffff10, 0 0 0 2px #66d1ff1a;\n    border-radius:16px;\n    -webkit-clip-path: polygon(calc(0% + var(--inset-top)) 0%, calc(100% - var(--inset-top)) 0%, calc(100% - var(--inset-bottom)) 100%, calc(0% + var(--inset-bottom)) 100%);\n            clip-path: polygon(calc(0% + var(--inset-top)) 0%, calc(100% - var(--inset-top)) 0%, calc(100% - var(--inset-bottom)) 100%, calc(0% + var(--inset-bottom)) 100%);\n    overflow:visible;\n  }\n  .funnel-content{\n    width:min(1200px, 96%); margin:0 auto;\n    display:flex; align-items:center; justify-content:center; gap:16px;\n    text-align:center;\n  }\n  .funnel-content h3{margin:0; font-size:clamp(16px,2.2vw,22px); font-weight:800; line-height:1.35; color:#fff}\n  .funnel-metric{margin:10px auto 0; font-size:clamp(14px,2vw,18px); color:#001119; background:var(--accent); border:1px solid #9fe6ff; padding:6px 12px; border-radius:999px; white-space:nowrap}\n\n  .re-funnel__note{\n    text-align:center;\n    margin-top:24px;\n    font-size:clamp(12px,1.4vw,14px);\n    color:#a8b3c7;\n    max-width:800px;\n    margin-left:auto;\n    margin-right:auto;\n  }\n\n  @media (hover:hover){\n    .funnel-shape{transition:transform .25s ease, box-shadow .25s ease}\n    .funnel-shape:hover{transform:translateY(-2px); box-shadow:0 18px 45px rgba(0,0,0,.45), inset 0 0 0 1px #ffffff18, 0 0 0 2px var(--glow)}\n  }\n  @media (max-width: 600px){\n    .re-funnel{padding:48px 0 64px}\n    .funnel-shape{padding:30px 16px}\n    .funnel-content{width:94%}\n  }\n<\/style>\t\t\t\t<\/div>\n\t\t\t\t<\/div>\n\t\t\t\t<\/div>\n\t\t<div class=\"elementor-element elementor-element-ae46c5b e-con-full e-flex e-con e-parent\" data-id=\"ae46c5b\" data-element_type=\"container\" data-e-type=\"container\">\n\t\t\t\t<div class=\"elementor-element elementor-element-8a40891 elementor-widget elementor-widget-html\" data-id=\"8a40891\" data-element_type=\"widget\" data-e-type=\"widget\" data-widget_type=\"html.default\">\n\t\t\t\t<div class=\"elementor-widget-container\">\n\t\t\t\t\t<section class=\"about-ceo-bpa\" style=\"max-width:980px;margin:0 auto;padding:32px 20px;line-height:1.6;font-family:system-ui,-apple-system,Segoe UI,Roboto,Ubuntu,'Helvetica Neue',Arial,sans-serif;\">\n  <header style=\"margin-bottom:16px;\">\n    <h2 style=\"font-size:clamp(24px,3.5vw,36px);margin:0 0 8px 0;\">Sobre el CEO de Bixquert Performance Ads<\/h2>\n    <p style=\"margin:0;color:#666;font-size:clamp(14px,2.5vw,16px);\">Alberto Bixquert \u00b7 Ingeniero Inform\u00e1tico (MBA)<\/p>\n  <\/header>\n\n  <p style=\"margin:0 0 14px 0;\">\n    M\u00e1s de 8 a\u00f1os en el sector inmobiliario. He cofundado 3 agencias (dos con socios y una en solitario),\n    captando m\u00e1s de <strong>600 propiedades<\/strong> y cerrando m\u00e1s de <strong>100 transacciones exitosas<\/strong>.\n  <\/p>\n\n  <p style=\"margin:0 0 14px 0;\">\n    Mi trayectoria combina tecnolog\u00eda y negocio: trabaj\u00e9 en <strong>IT en colaboraci\u00f3n con Marketing<\/strong> para una de las mayores promotoras de Espa\u00f1a,\n    que <strong>factura m\u00e1s de 50&nbsp;M\u20ac anuales vendiendo inmuebles en una sola provincia<\/strong>.\n  <\/p>\n\n  <p style=\"margin:0 0 14px 0;\">\n    Al detectar que en los \u00faltimos a\u00f1os bajaba la oferta de casas para captar, <strong>dise\u00f1\u00e9 por mi cuenta<\/strong> un sistema que me permite llegar a\n    <strong>propietarios con inmuebles para vender antes de que aparezcan en los portales<\/strong>. Lo cre\u00e9 para mi agencia\u2026 y ahora tu inmobiliaria\n    tambi\u00e9n puede beneficiarse de esta tecnolog\u00eda.\n  <\/p>\n\n  <p style=\"margin:0 0 18px 0;font-weight:700;\">\n    Si buscas resultados medibles y m\u00e1s propiedades firmadas cada mes, yo puedo ayudarte.\n  <\/p>\n\n \n<\/section>\t\t\t\t<\/div>\n\t\t\t\t<\/div>\n\t\t\t\t<div class=\"elementor-element elementor-element-580797c elementor-widget elementor-widget-html\" data-id=\"580797c\" data-element_type=\"widget\" data-e-type=\"widget\" data-widget_type=\"html.default\">\n\t\t\t\t<div class=\"elementor-widget-container\">\n\t\t\t\t\t<section class=\"bp-pricing\">\n  <h2 class=\"bp-title\" style=\"color:white\"> PLANES<\/h2>\n\n  <div class=\"bp-grid\">\n    <!-- BASIC -->\n    <article class=\"bp-card\">\n      <header class=\"bp-card__head\">BASIC<\/header>\n      <div class=\"bp-card__body\">\n        <p class=\"bp-desc\">\n          Tu punto de partida profesional para captar casas de forma autom\u00e1tica:\n        <\/p>\n        <ul class=\"bp-list\">\n          <li>5 Anuncios a medida con tu logo<\/li>\n          <li>5 T\u00edtulos de anuncios<\/li>\n          <li>5 Descripciones de anuncio<\/li>\n          <li>1 campa\u00f1a personalizada en Meta (Facebook + Instagram)<\/li>\n          <li>Anuncio geolocalizado a 15 km de la zona que elijas. Montaje completo del sistema de captaci\u00f3n<\/li>\n          <li>Leads llegan por formulario a tu panel<\/li>\n          <li>Altas, paradas y ajustes de campa\u00f1as durante 3 meses<\/li>\n        <\/ul>\n      <\/div>\n      <footer class=\"bp-card__foot\">\n        <div class=\"bp-price\">999 \u20ac <span>+ presupuesto en Ads<\/span><\/div>\n      <\/footer>\n    <\/article>\n\n    <!-- PREMIUM -->\n    <article class=\"bp-card bp-accent\">\n      <header class=\"bp-card__head\">PREMIUM<\/header>\n      <div class=\"bp-card__body\">\n        <p class=\"bp-desc\">\n          Para agentes y agencias que quieren constancia y volumen:\n        <\/p>\n        <ul class=\"bp-list\">\n          <li><strong>Todo lo incluido en el Basic<\/strong><\/li>\n          <li>+ 5 Anuncios a medida con tu logo incluidos<\/li>\n          <li>Seguimiento mensual por llamada para revisar resultados y estrategia<\/li>\n          <li>Posibilidad de incluir hasta 5 campa\u00f1as adicionales si se considera necesario (ideal para varias oficinas o zonas de b\u00fasqueda de propiedades)<\/li>\n        <\/ul>\n      <\/div>\n      <footer class=\"bp-card__foot\">\n        <div class=\"bp-price\">1999 \u20ac <span>+ presupuesto en Ads<\/span><\/div>\n      <\/footer>\n    <\/article>\n\n    <!-- LEADER -->\n    <article class=\"bp-card\">\n      <header class=\"bp-card__head\">LEADER<\/header>\n      <div class=\"bp-card__body\">\n        <p class=\"bp-desc\">\n          Optimiza tu captaci\u00f3n y tu conversi\u00f3n con asesor\u00eda personalizada:\n        <\/p>\n        <ul class=\"bp-list\">\n          <li><strong>Todo lo incluido en el Premium<\/strong><\/li>\n          <li>Revisi\u00f3n mensual de tus leads: t\u00fa anotas lo que dicen y te ayudamos a afinar comunicaci\u00f3n y t\u00e9cnica comercial<\/li>\n          <li>Feedback personalizado para mejorar cierres: cu\u00e1ndo insistir y c\u00f3mo firmar m\u00e1s exclusivas<\/li>\n        <\/ul>\n      <\/div>\n      <footer class=\"bp-card__foot\">\n        <div class=\"bp-price\">3499 \u20ac <span>(plan de 1 a\u00f1o) + presupuesto en Ads<\/span><\/div>\n      <\/footer>\n    <\/article>\n  <\/div>\n<\/section>\n\n<style>\n  .bp-pricing{\n    --bg: #0b0f17;\n    --card: rgba(255,255,255,0.08);\n    --stroke: rgba(255,255,255,0.12);\n    --text: #fff;\n    --muted: #cfd4dd;\n    --accent: #e6e6e6;\n    padding: clamp(24px,4vw,56px);\n    color: var(--text);\n    background: radial-gradient(80% 120% at 70% 0%, #1b2735 0%, #0b0f17 60%) , var(--bg);\n    border-radius: 16px;\n  }\n  .bp-title{\n    text-align:center;\n    font-size: clamp(28px,4vw,42px);\n    letter-spacing:.08em;\n    margin: 0 0 clamp(20px,3vw,36px);\n    font-weight: 800;\n  }\n  .bp-grid{\n    display: grid;\n    grid-template-columns: 1fr;\n    gap: clamp(16px,2.5vw,28px);\n  }\n  @media (min-width:900px){\n    .bp-grid{ grid-template-columns: repeat(3, 1fr); }\n  }\n\n  .bp-card{\n    background: var(--card);\n    border: 1px solid var(--stroke);\n    border-radius: 16px;\n    backdrop-filter: blur(4px);\n    display:flex; flex-direction:column;\n    min-height: 100%;\n  }\n  .bp-card__head{\n    text-align:center;\n    font-size: clamp(26px,3.5vw,40px);\n    font-weight: 900;\n    padding: 18px 16px;\n    border-bottom: 1px solid var(--stroke);\n  }\n  .bp-card__body{ padding: 18px clamp(16px,2vw,22px); }\n  .bp-desc{ color: var(--muted); margin: 0 0 12px; line-height: 1.5; }\n  .bp-list{ margin:0; padding-left: 18px; display:grid; gap:10px; }\n  .bp-list li{ line-height:1.45; }\n  .bp-card__foot{\n    margin-top:auto;\n    padding: 18px 16px 22px;\n    border-top: 1px solid var(--stroke);\n    text-align:center;\n  }\n  .bp-price{\n    font-size: clamp(22px,3vw,28px);\n    font-weight: 800;\n    letter-spacing:.02em;\n  }\n  .bp-price span{\n    display:block;\n    font-size: clamp(12px,1.6vw,14px);\n    font-weight: 500;\n    color: var(--muted);\n    margin-top: 6px;\n  }\n\n  \/* Resaltar el plan central *\/\n  .bp-accent{\n    background: linear-gradient(180deg, rgba(255,255,255,0.12), rgba(255,255,255,0.06));\n    box-shadow: 0 10px 24px rgba(0,0,0,.25);\n    transform: translateY(-2px);\n  }\n<\/style>\t\t\t\t<\/div>\n\t\t\t\t<\/div>\n\t\t<div class=\"elementor-element elementor-element-f09cf06 e-con-full e-flex e-con e-child\" data-id=\"f09cf06\" data-element_type=\"container\" data-e-type=\"container\">\n\t\t<div class=\"elementor-element elementor-element-3202f7c e-con-full e-flex e-con e-child\" data-id=\"3202f7c\" data-element_type=\"container\" data-e-type=\"container\">\n\t\t\t\t<\/div>\n\t\t\t\t<\/div>\n\t\t\t\t<\/div>\n\t\t\t\t<\/div>\n\t\t","protected":false},"excerpt":{"rendered":"<p>INVIERTES 1.000 \u20ac EN ADS, CAPTAS 5 CASAS, VENDES 2, GANAS 10.000 \u20ac EN 1 MES. ROAS 10X Lo que dicen los grandes sobre generar Leads \u201cLos leads no se encuentran, se crean con acci\u00f3n constante.\u201d Ryan Serhant \u201cSi no est\u00e1s generando leads cada d\u00eda, tu negocio se est\u00e1 apagando.\u201d Gary Keller \u00b7 Keller Williams&#8230;<\/p>\n","protected":false},"author":1,"featured_media":0,"parent":0,"menu_order":0,"comment_status":"closed","ping_status":"closed","template":"template-builder.php","meta":{"footnotes":""},"class_list":["post-3041","page","type-page","status-publish","hentry"],"jetpack_sharing_enabled":true,"_links":{"self":[{"href":"https:\/\/bixquertperformanceads.com\/index.php?rest_route=\/wp\/v2\/pages\/3041","targetHints":{"allow":["GET"]}}],"collection":[{"href":"https:\/\/bixquertperformanceads.com\/index.php?rest_route=\/wp\/v2\/pages"}],"about":[{"href":"https:\/\/bixquertperformanceads.com\/index.php?rest_route=\/wp\/v2\/types\/page"}],"author":[{"embeddable":true,"href":"https:\/\/bixquertperformanceads.com\/index.php?rest_route=\/wp\/v2\/users\/1"}],"replies":[{"embeddable":true,"href":"https:\/\/bixquertperformanceads.com\/index.php?rest_route=%2Fwp%2Fv2%2Fcomments&post=3041"}],"version-history":[{"count":220,"href":"https:\/\/bixquertperformanceads.com\/index.php?rest_route=\/wp\/v2\/pages\/3041\/revisions"}],"predecessor-version":[{"id":3405,"href":"https:\/\/bixquertperformanceads.com\/index.php?rest_route=\/wp\/v2\/pages\/3041\/revisions\/3405"}],"wp:attachment":[{"href":"https:\/\/bixquertperformanceads.com\/index.php?rest_route=%2Fwp%2Fv2%2Fmedia&parent=3041"}],"curies":[{"name":"wp","href":"https:\/\/api.w.org\/{rel}","templated":true}]}}