{"id":3,"date":"2025-05-14T10:39:46","date_gmt":"2025-05-14T10:39:46","guid":{"rendered":"https:\/\/bixquertperformanceads.com\/?page_id=3"},"modified":"2025-05-21T08:47:33","modified_gmt":"2025-05-21T08:47:33","slug":"privacy-policy","status":"publish","type":"page","link":"https:\/\/bixquertperformanceads.com\/?page_id=3","title":{"rendered":"Politica de Privacidad"},"content":{"rendered":"\n<p><strong>POL\u00cdTICAS DE PRIVACIDAD<\/strong><\/p>\n\n\n\n<p>TODO CASAS DEL PROPIETARIO, S.L., sociedad domiciliada en Avd.<\/p>\n\n\n\n<p>Las Palmas, 28 Teulada \u2013 03725, con C.I.F. B-54855150&nbsp;<\/p>\n\n\n\n<p>informa a los usuarios de su p\u00e1gina web <a href=\"http:\/\/www.bixquertperformanceads.com\/\">http:\/\/www.bixquertperformanceads.com\/<\/a> nombre de la p\u00e1gina a trav\u00e9s de esta Pol\u00edtica de Privacidad sobre el tratamiento y protecci\u00f3n<\/p>\n\n\n\n<p>de los datos de car\u00e1cter personal de los usuarios que puedan ser recabados<\/p>\n\n\n\n<p>mediante su navegaci\u00f3n o contrataci\u00f3n de servicios que realicen en este<\/p>\n\n\n\n<p>portal. El uso de esta web por parte del usuario conlleva la aceptaci\u00f3n por su<\/p>\n\n\n\n<p>parte de esta Pol\u00edtica de Privacidad.<\/p>\n\n\n\n<p>TODO CASAS DEL PROPIETARIO, S.L., S.L., adopta las medidas necesarias<\/p>\n\n\n\n<p>para garantizar la seguridad, integridad y confidencialidad de los datos<\/p>\n\n\n\n<p>conforme a lo establecido en el Reglamento (UE) 2016\/679 del Parlamento<\/p>\n\n\n\n<p>Europeo y del Consejo, de 27 de abril de 2016, relativo a la protecci\u00f3n de las<\/p>\n\n\n\n<p>personas f\u00edsicas en lo que respecta al tratamiento de datos personales y a la<\/p>\n\n\n\n<p>libre circulaci\u00f3n de los mismos, y en aquello no previsto por \u00e9ste por la Ley<\/p>\n\n\n\n<p>Org\u00e1nica 3\/2018 de 5 de diciembre, de Protecci\u00f3n de Datos Personales y<\/p>\n\n\n\n<p>garant\u00eda de los derechos digitales, el Real Decreto 1720\/2007, de 21 de<\/p>\n\n\n\n<p>diciembre, por el que se aprueba el Reglamento de desarrollo de la Ley<\/p>\n\n\n\n<p>Org\u00e1nica de Protecci\u00f3n de Datos, y la Ley 34\/2002, de 11 de julio, de Servicios<\/p>\n\n\n\n<p>de la Sociedad de la Informaci\u00f3n y de Comercio Electr\u00f3nico.<\/p>\n\n\n\n<p>Mediante los formularios de registro del presente sitio web o el env\u00edo de<\/p>\n\n\n\n<p>correo electr\u00f3nico se recogen y tratan datos personales de cada usuario que<\/p>\n\n\n\n<p>son necesarios para la gesti\u00f3n y mantenimiento de algunos de los servicios<\/p>\n\n\n\n<p>prestados y cuyo tratamiento se rige por la presente Pol\u00edtica de Privacidad.<\/p>\n\n\n\n<p><strong>RESPONSABLE DEL TRATAMIENTO DE LOS DATOS PERSONALES<\/strong><\/p>\n\n\n\n<p>El responsable del tratamiento de los datos personales que el usuario<\/p>\n\n\n\n<p>facilite al acceder y utilizar el sitio web, es, en calidad de propietario,TODO CASAS DEL PROPIETARIO, S.L., con CIF B-54855150,<\/p>\n\n\n\n<p>, con domicilio social en Avd. Las Palmas, 28 Teulada \u2013 03725, inscrita en el<\/p>\n\n\n\n<p>Registro Mercantil de \u2026\u2026\u2026\u2026\u2026\u2026\u2026, Tomo\u2026\u2026\u2026\u2026\u2026\u2026\u2026 , Folio\u2026\u2026\u2026\u2026\u2026\u2026\u2026 ,<\/p>\n\n\n\n<p>Hoja \u2026\u2026\u2026\u2026\u2026\u2026\u2026 , Inscripci\u00f3n \u2026\u2026\u2026\u2026\u2026\u2026\u2026 , tel\u00e9fono \u2026\u2026\u2026\u2026\u2026\u2026\u2026 y<\/p>\n\n\n\n<p>correo electr\u00f3nico \u2026\u2026\u2026\u2026\u2026\u2026\u2026.<\/p>\n\n\n\n<p>TODO CASAS DEL PROPIETARIO, S.L. se compromete a aplicar las<\/p>\n\n\n\n<p>medidas de seguridad inform\u00e1tica previstas en la normativa citada<\/p>\n\n\n\n<p>previamente, con el objetivo de impedir el acceso o uso indebido de los datos,<\/p>\n\n\n\n<p>su manipulaci\u00f3n, deterioro o p\u00e9rdida.<\/p>\n\n\n\n<p><strong>DURACI\u00d3N DEL ALMACENAMIENTO DE LOS DATOS<\/strong><\/p>\n\n\n\n<p>TODO CASAS DEL PROPIETARIO, S.L. como responsable del<\/p>\n\n\n\n<p>tratamiento, se compromete a almacenar y gestionar los datos personales einformaci\u00f3n recogida mediante esta p\u00e1gina web con la debida confidencialidad<\/p>\n\n\n\n<p>mientras se mantenga la relaci\u00f3n profesional surgida y la persona interesada<\/p>\n\n\n\n<p>no solicite su supresi\u00f3n, y en su caso, por un plazo no superior a 5 a\u00f1os, a<\/p>\n\n\n\n<p>contar desde la finalizaci\u00f3n de la relaci\u00f3n comercial establecida entre el<\/p>\n\n\n\n<p>usuario y TODO CASAS DEL PROPIETARIO, S.L. No obstante, el responsable<\/p>\n\n\n\n<p>del tratamiento podr\u00e1 conservar, debidamente bloqueados, los datos para<\/p>\n\n\n\n<p>atender posibles responsabilidades administrativas o jurisdiccionales.<\/p>\n\n\n\n<p><strong>FINALIDADES DEL TRATAMIENTO DE DATOS<\/strong><\/p>\n\n\n\n<p>Las operaciones, gestiones y procedimientos t\u00e9cnicos, ya sean<\/p>\n\n\n\n<p>realizados de forma automatizada como no automatizada, que posibiliten la<\/p>\n\n\n\n<p>recogida, almacenamiento, modificaci\u00f3n, transferencia y otras acciones sobre<\/p>\n\n\n\n<p>datos de car\u00e1cter personal, tienen la consideraci\u00f3n de tratamiento de datos<\/p>\n\n\n\n<p>personales.<\/p>\n\n\n\n<p>En TODO CASAS DEL PROPIETARIO, S.L. tratamos los datos<\/p>\n\n\n\n<p>personales que el usuario nos facilita a trav\u00e9s de <a href=\"http:\/\/www.bixquertperformanceads.com\/\">http:\/\/www.bixquertperformanceads.com\/<\/a> con el fin de incluirlos en la agenda de contactos, gestionar la<\/p>\n\n\n\n<p>relaci\u00f3n comercial solicitada y utilizar as\u00ed esta informaci\u00f3n como medio de<\/p>\n\n\n\n<p>contacto de dicha empresa. Adem\u00e1s, el tratamiento de estos datos recabados<\/p>\n\n\n\n<p>tambi\u00e9n implica gestionar el env\u00edo de la informaci\u00f3n que nos sea solicitada y<\/p>\n\n\n\n<p>poder responder a las consultas o cuestiones que el usuario remita a trav\u00e9s<\/p>\n\n\n\n<p>del sitio web, facilitando a su vez a los interesados las ofertas de servicios que<\/p>\n\n\n\n<p>sean de su inter\u00e9s&nbsp;<\/p>\n\n\n\n<p>Los campos de los registros se deben cumplimentar obligatoriamente<\/p>\n\n\n\n<p>para que TODO CASAS DEL PROPIETARIO, S.L. pueda cumplir con las<\/p>\n\n\n\n<p>finalidades mencionadas con anterioridad.<\/p>\n\n\n\n<p>El usuario puede oponerse al env\u00edo de comunicaciones comerciales en<\/p>\n\n\n\n<p>cualquier momento mediante el env\u00edo de un mensaje de correo electr\u00f3nico a la<\/p>\n\n\n\n<p>direcci\u00f3n indicada supra l\u00edneas.<\/p>\n\n\n\n<p><strong>LEGITIMACI\u00d3N PARA EL TRATAMIENTO DE LOS DATOS<\/strong><\/p>\n\n\n\n<p>El tratamiento de los datos personales que proporciona el usuario se<\/p>\n\n\n\n<p>realiza en base a las siguientes bases jur\u00eddicas que legitiman el mismo:<\/p>\n\n\n\n<p>La contrataci\u00f3n de servicios de TODO CASAS DEL PROPIETARIO, S.L.<\/p>\n\n\n\n<p>y la ejecuci\u00f3n del encargo profesional solicitado, cuyos t\u00e9rminos y condiciones<\/p>\n\n\n\n<p>se pondr\u00e1n a disposici\u00f3n del usuario de forma previa a una eventual<\/p>\n\n\n\n<p>contrataci\u00f3n. Para poder llevar a cabo esta relaci\u00f3n profesional solicitada, el<\/p>\n\n\n\n<p>interesado est\u00e1 obligado a facilitar sus datos.El consentimiento libre, espec\u00edfico, informado e inequ\u00edvoco, ya que tras<\/p>\n\n\n\n<p>la lectura de la presente Pol\u00edtica de Privacidad el usuario queda informado y,<\/p>\n\n\n\n<p>en caso de estar conforme, puede aceptarla mediante una declaraci\u00f3n o una<\/p>\n\n\n\n<p>clara acci\u00f3n afirmativa, como el marcado de una casilla que se dispone al<\/p>\n\n\n\n<p>efecto.<\/p>\n\n\n\n<p>En el caso de que el interesado no facilite los citados datos o \u00e9stos sean<\/p>\n\n\n\n<p>err\u00f3neos o inexactos, no podremos atender su solicitud, resultando imposible<\/p>\n\n\n\n<p>proporcionarle la informaci\u00f3n solicitada o llevar a cabo la contrataci\u00f3n de los<\/p>\n\n\n\n<p>servicios. Por tanto, el responsable del tratamiento, TODO CASAS DEL PROPIETARIO, S.L. quedar\u00e1 exonerado de toda responsabilidad que pudiera<\/p>\n\n\n\n<p>derivarse de la no ejecuci\u00f3n del encargo profesional o de las consecuencias<\/p>\n\n\n\n<p>que se deriven de estas informaciones inexactas o err\u00f3neas.<\/p>\n\n\n\n<p><strong>COMUNICACI\u00d3N DE DATOS<\/strong><\/p>\n\n\n\n<p>Con car\u00e1cter general TODO CASAS DEL PROPIETARIO, S.L. no<\/p>\n\n\n\n<p>comunicar\u00e1 estos datos personales a terceros, con la salvedad de que la<\/p>\n\n\n\n<p>prestaci\u00f3n de un servicio implique la necesidad de una relaci\u00f3n contractual<\/p>\n\n\n\n<p>con un encargado de tratamiento y ello sea estrictamente necesario para<\/p>\n\n\n\n<p>gestionar y mantener la relaci\u00f3n entre el usuario y la mencionada empresa,<\/p>\n\n\n\n<p>previa autorizaci\u00f3n expresa por parte del usuario. Esto se har\u00e1 s\u00f3lo durante el<\/p>\n\n\n\n<p>tiempo imprescindible para posibilitar la ejecuci\u00f3n del contrato de encargo, y<\/p>\n\n\n\n<p>en las mismas condiciones y con las mismas responsabilidades que se le<\/p>\n\n\n\n<p>exigen al responsable. Una vez finalizado el encargo, el encargado del<\/p>\n\n\n\n<p>tratamiento devolver\u00e1 al Responsable los datos personales y suprimir\u00e1<\/p>\n\n\n\n<p>cualquier copia de la que disponga.<\/p>\n\n\n\n<p>Por otra parte, s\u00f3lo tendr\u00e1n derecho a acceder a estos datos personales<\/p>\n\n\n\n<p>los terceros con los que TODO CASAS DEL PROPIETARIO, S.L. tenga una<\/p>\n\n\n\n<p>obligaci\u00f3n legal o contractual de facilitarlos, entre los que se incluyen, por<\/p>\n\n\n\n<p>ejemplo, el Defensor del Pueblo y Jueces y Tribunales interesados en los<\/p>\n\n\n\n<p>procedimientos relacionados con las reclamaciones presentadas.<\/p>\n\n\n\n<p><strong>MENORES<\/strong><\/p>\n\n\n\n<p>Los menores de edad no podr\u00e1n usar los servicios disponibles a trav\u00e9s<\/p>\n\n\n\n<p>de la Web sin la previa autorizaci\u00f3n de sus padres, tutores o representantes<\/p>\n\n\n\n<p>legales, quienes ser\u00e1n los \u00fanicos responsables de todos los actos realizados a<\/p>\n\n\n\n<p>trav\u00e9s de la Web por los menores a su cargo, incluyendo la cumplimentaci\u00f3n<\/p>\n\n\n\n<p>de los formularios con los datos personales de dichos menores y la marcaci\u00f3n,<\/p>\n\n\n\n<p>en su caso, de las casillas que los acompa\u00f1an.<strong>DERECHOS DE LOS INTERESADOS<\/strong><\/p>\n\n\n\n<p>El usuario podr\u00e1 ejercitar en todo momento, en los t\u00e9rminos<\/p>\n\n\n\n<p>establecidos en la legislaci\u00f3n vigente, los derechos de acceso, rectificaci\u00f3n o<\/p>\n\n\n\n<p>supresi\u00f3n de datos, solicitar que se limite el tratamiento, oponerse al mismo,<\/p>\n\n\n\n<p>solicitar la portabilidad de sus datos, as\u00ed como revocar el consentimiento<\/p>\n\n\n\n<p>prestado, derechos reconocidos en el citado Reglamento (UE). El ejercicio de<\/p>\n\n\n\n<p>estos derechos puede realizarlo el propio usuario dirigi\u00e9ndose a TODO CASAS DEL PROPIETARIO, S.L. en la direcci\u00f3n de su sede social indicada<\/p>\n\n\n\n<p>anteriormente; a trav\u00e9s del env\u00edo de un correo electr\u00f3nico a la siguiente<\/p>\n\n\n\n<p>direcci\u00f3n gestion@casasdelpropietario.com o a la direcci\u00f3n postal, Avd. Las Palmas, 28 Teulada,<\/p>\n\n\n\n<p>C.P. 03725.<\/p>\n\n\n\n<p>Para el efectivo ejercicio de estos derechos, el usuario deber\u00e1 acreditar<\/p>\n\n\n\n<p>su identidad facilitando su nombre y apellidos, fotocopia del DNI o documento<\/p>\n\n\n\n<p>identificativo equivalente que acredite su identidad, petici\u00f3n en la que se<\/p>\n\n\n\n<p>concrete la solicitud, direcci\u00f3n a efectos de notificaciones, y fecha y firma del<\/p>\n\n\n\n<p>solicitante.<\/p>\n\n\n\n<p>Asimismo, el usuario podr\u00e1 reclamar ante la Agencia Espa\u00f1ola de<\/p>\n\n\n\n<p>Protecci\u00f3n de Datos (Autoridad de Control competente en esta materia),<\/p>\n\n\n\n<p>especialmente cuando no haya obtenido satisfacci\u00f3n en el ejercicio de sus<\/p>\n\n\n\n<p>derechos, mediante escrito dirigido a misma, C\/Jorge Juan, n\u00ba 6, 28001 \u2013<\/p>\n\n\n\n<p>Madrid, o atrav\u00e9s de la web: https:\/\/www.agpd.es<\/p>\n\n\n\n<p><blockquote class=\"wp-embedded-content\" data-secret=\"BoOq2k7jVu\"><a href=\"https:\/\/bixquertperformanceads.com\/\">Home Business Consult<\/a><\/blockquote><iframe class=\"wp-embedded-content\" sandbox=\"allow-scripts\" security=\"restricted\" style=\"position: absolute; visibility: hidden;\" title=\"\u00abHome Business Consult\u00bb \u2014 Bixquert Performance Ads\" src=\"https:\/\/bixquertperformanceads.com\/?embed=true#?secret=EBxfb6VMlt#?secret=BoOq2k7jVu\" data-secret=\"BoOq2k7jVu\" width=\"600\" height=\"338\" frameborder=\"0\" marginwidth=\"0\" marginheight=\"0\" scrolling=\"no\"><\/iframe><\/p>\n","protected":false},"excerpt":{"rendered":"<p>POL\u00cdTICAS DE PRIVACIDAD TODO CASAS DEL PROPIETARIO, S.L., sociedad domiciliada en Avd. Las Palmas, 28 Teulada \u2013 03725, con C.I.F. B-54855150&nbsp; informa a los usuarios de su p\u00e1gina web http:\/\/www.bixquertperformanceads.com\/ nombre de la p\u00e1gina a trav\u00e9s de esta Pol\u00edtica de Privacidad sobre el tratamiento y protecci\u00f3n de los datos de car\u00e1cter personal de los usuarios&#8230;<\/p>\n","protected":false},"author":1,"featured_media":0,"parent":0,"menu_order":0,"comment_status":"closed","ping_status":"open","template":"","meta":{"footnotes":""},"class_list":["post-3","page","type-page","status-publish","hentry","page--item"],"jetpack_sharing_enabled":true,"_links":{"self":[{"href":"https:\/\/bixquertperformanceads.com\/index.php?rest_route=\/wp\/v2\/pages\/3","targetHints":{"allow":["GET"]}}],"collection":[{"href":"https:\/\/bixquertperformanceads.com\/index.php?rest_route=\/wp\/v2\/pages"}],"about":[{"href":"https:\/\/bixquertperformanceads.com\/index.php?rest_route=\/wp\/v2\/types\/page"}],"author":[{"embeddable":true,"href":"https:\/\/bixquertperformanceads.com\/index.php?rest_route=\/wp\/v2\/users\/1"}],"replies":[{"embeddable":true,"href":"https:\/\/bixquertperformanceads.com\/index.php?rest_route=%2Fwp%2Fv2%2Fcomments&post=3"}],"version-history":[{"count":1,"href":"https:\/\/bixquertperformanceads.com\/index.php?rest_route=\/wp\/v2\/pages\/3\/revisions"}],"predecessor-version":[{"id":3206,"href":"https:\/\/bixquertperformanceads.com\/index.php?rest_route=\/wp\/v2\/pages\/3\/revisions\/3206"}],"wp:attachment":[{"href":"https:\/\/bixquertperformanceads.com\/index.php?rest_route=%2Fwp%2Fv2%2Fmedia&parent=3"}],"curies":[{"name":"wp","href":"https:\/\/api.w.org\/{rel}","templated":true}]}}